{"id":8176,"date":"2021-08-02T12:06:42","date_gmt":"2021-08-02T10:06:42","guid":{"rendered":"https:\/\/feag.sites.vh1-schrittweiter.de\/product\/sonderprodukte\/schalttafeln-fuer-marine-handelsschiffbau\/"},"modified":"2022-02-25T17:13:55","modified_gmt":"2022-02-25T16:13:55","slug":"schalttafeln-fuer-marine-handelsschiffbau","status":"publish","type":"product","link":"https:\/\/feag.sites.vh1-schrittweiter.de\/sk\/product\/sonderprodukte\/schalttafeln-fuer-marine-handelsschiffbau\/","title":{"rendered":"Rozv\u00e1dza\u010de pre obchodn\u00e9 a n\u00e1morn\u00e9 lode"},"content":{"rendered":"","protected":false},"author":7,"parent":8167,"menu_order":2,"template":"","meta":{"_acf_changed":false,"footnotes":""},"class_list":["post-8176","product","type-product","status-publish","hentry"],"acf":[],"yoast_head":"<!-- This site is optimized with the Yoast SEO plugin v25.0 - https:\/\/yoast.com\/wordpress\/plugins\/seo\/ -->\n<title>Rozv\u00e1dza\u010de pre obchodn\u00e9 a n\u00e1morn\u00e9 lode - FEAG<\/title>\n<meta name=\"robots\" content=\"noindex, follow, max-snippet:-1, max-image-preview:large, max-video-preview:-1\" \/>\n<meta property=\"og:locale\" content=\"sk_SK\" \/>\n<meta property=\"og:type\" content=\"article\" \/>\n<meta property=\"og:title\" content=\"Rozv\u00e1dza\u010de pre obchodn\u00e9 a n\u00e1morn\u00e9 lode - FEAG\" \/>\n<meta property=\"og:url\" content=\"https:\/\/feag.sites.vh1-schrittweiter.de\/sk\/product\/sonderprodukte\/schalttafeln-fuer-marine-handelsschiffbau\/\" \/>\n<meta property=\"og:site_name\" content=\"FEAG\" \/>\n<meta property=\"article:modified_time\" content=\"2022-02-25T16:13:55+00:00\" \/>\n<meta name=\"twitter:card\" content=\"summary_large_image\" \/>\n<script type=\"application\/ld+json\" class=\"yoast-schema-graph\">{\"@context\":\"https:\/\/schema.org\",\"@graph\":[{\"@type\":\"WebPage\",\"@id\":\"https:\/\/feag.sites.vh1-schrittweiter.de\/sk\/product\/sonderprodukte\/schalttafeln-fuer-marine-handelsschiffbau\/\",\"url\":\"https:\/\/feag.sites.vh1-schrittweiter.de\/sk\/product\/sonderprodukte\/schalttafeln-fuer-marine-handelsschiffbau\/\",\"name\":\"Rozv\u00e1dza\u010de pre obchodn\u00e9 a n\u00e1morn\u00e9 lode - FEAG\",\"isPartOf\":{\"@id\":\"https:\/\/feag.sites.vh1-schrittweiter.de\/sk\/#website\"},\"datePublished\":\"2021-08-02T10:06:42+00:00\",\"dateModified\":\"2022-02-25T16:13:55+00:00\",\"breadcrumb\":{\"@id\":\"https:\/\/feag.sites.vh1-schrittweiter.de\/sk\/product\/sonderprodukte\/schalttafeln-fuer-marine-handelsschiffbau\/#breadcrumb\"},\"inLanguage\":\"sk-SK\",\"potentialAction\":[{\"@type\":\"ReadAction\",\"target\":[\"https:\/\/feag.sites.vh1-schrittweiter.de\/sk\/product\/sonderprodukte\/schalttafeln-fuer-marine-handelsschiffbau\/\"]}]},{\"@type\":\"BreadcrumbList\",\"@id\":\"https:\/\/feag.sites.vh1-schrittweiter.de\/sk\/product\/sonderprodukte\/schalttafeln-fuer-marine-handelsschiffbau\/#breadcrumb\",\"itemListElement\":[{\"@type\":\"ListItem\",\"position\":1,\"name\":\"Startseite\",\"item\":\"https:\/\/feag.sites.vh1-schrittweiter.de\/sk\/\"},{\"@type\":\"ListItem\",\"position\":2,\"name\":\"\u0160peci\u00e1lne produkty\",\"item\":\"https:\/\/feag.sites.vh1-schrittweiter.de\/sk\/product\/sonderprodukte\/\"},{\"@type\":\"ListItem\",\"position\":3,\"name\":\"Rozv\u00e1dza\u010de pre obchodn\u00e9 a n\u00e1morn\u00e9 lode\"}]},{\"@type\":\"WebSite\",\"@id\":\"https:\/\/feag.sites.vh1-schrittweiter.de\/sk\/#website\",\"url\":\"https:\/\/feag.sites.vh1-schrittweiter.de\/sk\/\",\"name\":\"FEAG\",\"description\":\"Just another WordPress site\",\"potentialAction\":[{\"@type\":\"SearchAction\",\"target\":{\"@type\":\"EntryPoint\",\"urlTemplate\":\"https:\/\/feag.sites.vh1-schrittweiter.de\/sk\/?s={search_term_string}\"},\"query-input\":{\"@type\":\"PropertyValueSpecification\",\"valueRequired\":true,\"valueName\":\"search_term_string\"}}],\"inLanguage\":\"sk-SK\"}]}<\/script>\n<!-- \/ Yoast SEO plugin. -->","yoast_head_json":{"title":"Rozv\u00e1dza\u010de pre obchodn\u00e9 a n\u00e1morn\u00e9 lode - FEAG","robots":{"index":"noindex","follow":"follow","max-snippet":"max-snippet:-1","max-image-preview":"max-image-preview:large","max-video-preview":"max-video-preview:-1"},"og_locale":"sk_SK","og_type":"article","og_title":"Rozv\u00e1dza\u010de pre obchodn\u00e9 a n\u00e1morn\u00e9 lode - FEAG","og_url":"https:\/\/feag.sites.vh1-schrittweiter.de\/sk\/product\/sonderprodukte\/schalttafeln-fuer-marine-handelsschiffbau\/","og_site_name":"FEAG","article_modified_time":"2022-02-25T16:13:55+00:00","twitter_card":"summary_large_image","schema":{"@context":"https:\/\/schema.org","@graph":[{"@type":"WebPage","@id":"https:\/\/feag.sites.vh1-schrittweiter.de\/sk\/product\/sonderprodukte\/schalttafeln-fuer-marine-handelsschiffbau\/","url":"https:\/\/feag.sites.vh1-schrittweiter.de\/sk\/product\/sonderprodukte\/schalttafeln-fuer-marine-handelsschiffbau\/","name":"Rozv\u00e1dza\u010de pre obchodn\u00e9 a n\u00e1morn\u00e9 lode - FEAG","isPartOf":{"@id":"https:\/\/feag.sites.vh1-schrittweiter.de\/sk\/#website"},"datePublished":"2021-08-02T10:06:42+00:00","dateModified":"2022-02-25T16:13:55+00:00","breadcrumb":{"@id":"https:\/\/feag.sites.vh1-schrittweiter.de\/sk\/product\/sonderprodukte\/schalttafeln-fuer-marine-handelsschiffbau\/#breadcrumb"},"inLanguage":"sk-SK","potentialAction":[{"@type":"ReadAction","target":["https:\/\/feag.sites.vh1-schrittweiter.de\/sk\/product\/sonderprodukte\/schalttafeln-fuer-marine-handelsschiffbau\/"]}]},{"@type":"BreadcrumbList","@id":"https:\/\/feag.sites.vh1-schrittweiter.de\/sk\/product\/sonderprodukte\/schalttafeln-fuer-marine-handelsschiffbau\/#breadcrumb","itemListElement":[{"@type":"ListItem","position":1,"name":"Startseite","item":"https:\/\/feag.sites.vh1-schrittweiter.de\/sk\/"},{"@type":"ListItem","position":2,"name":"\u0160peci\u00e1lne produkty","item":"https:\/\/feag.sites.vh1-schrittweiter.de\/sk\/product\/sonderprodukte\/"},{"@type":"ListItem","position":3,"name":"Rozv\u00e1dza\u010de pre obchodn\u00e9 a n\u00e1morn\u00e9 lode"}]},{"@type":"WebSite","@id":"https:\/\/feag.sites.vh1-schrittweiter.de\/sk\/#website","url":"https:\/\/feag.sites.vh1-schrittweiter.de\/sk\/","name":"FEAG","description":"Just another WordPress site","potentialAction":[{"@type":"SearchAction","target":{"@type":"EntryPoint","urlTemplate":"https:\/\/feag.sites.vh1-schrittweiter.de\/sk\/?s={search_term_string}"},"query-input":{"@type":"PropertyValueSpecification","valueRequired":true,"valueName":"search_term_string"}}],"inLanguage":"sk-SK"}]}},"_links":{"self":[{"href":"https:\/\/feag.sites.vh1-schrittweiter.de\/sk\/wp-json\/wp\/v2\/product\/8176","targetHints":{"allow":["GET"]}}],"collection":[{"href":"https:\/\/feag.sites.vh1-schrittweiter.de\/sk\/wp-json\/wp\/v2\/product"}],"about":[{"href":"https:\/\/feag.sites.vh1-schrittweiter.de\/sk\/wp-json\/wp\/v2\/types\/product"}],"author":[{"embeddable":true,"href":"https:\/\/feag.sites.vh1-schrittweiter.de\/sk\/wp-json\/wp\/v2\/users\/7"}],"version-history":[{"count":2,"href":"https:\/\/feag.sites.vh1-schrittweiter.de\/sk\/wp-json\/wp\/v2\/product\/8176\/revisions"}],"predecessor-version":[{"id":8179,"href":"https:\/\/feag.sites.vh1-schrittweiter.de\/sk\/wp-json\/wp\/v2\/product\/8176\/revisions\/8179"}],"up":[{"embeddable":true,"href":"https:\/\/feag.sites.vh1-schrittweiter.de\/sk\/wp-json\/wp\/v2\/product\/8167"}],"wp:attachment":[{"href":"https:\/\/feag.sites.vh1-schrittweiter.de\/sk\/wp-json\/wp\/v2\/media?parent=8176"}],"curies":[{"name":"wp","href":"https:\/\/api.w.org\/{rel}","templated":true}]}}