{"id":8138,"date":"2021-08-03T11:41:37","date_gmt":"2021-08-03T09:41:37","guid":{"rendered":"https:\/\/feag.sites.vh1-schrittweiter.de\/product\/smarte-technik\/power-quality\/netzfilteranlage\/"},"modified":"2022-02-25T16:57:53","modified_gmt":"2022-02-25T15:57:53","slug":"netzfilteranlage","status":"publish","type":"product","link":"https:\/\/feag.sites.vh1-schrittweiter.de\/sk\/product\/smarte-technik\/power-quality\/netzfilteranlage\/","title":{"rendered":"Sie\u0165ov\u00e9 filtra\u010dn\u00e9 zariadenie"},"content":{"rendered":"","protected":false},"author":7,"parent":8130,"menu_order":2,"template":"","meta":{"_acf_changed":false,"footnotes":""},"class_list":["post-8138","product","type-product","status-publish","hentry"],"acf":[],"yoast_head":"<!-- This site is optimized with the Yoast SEO plugin v25.0 - https:\/\/yoast.com\/wordpress\/plugins\/seo\/ -->\n<title>Sie\u0165ov\u00e9 filtra\u010dn\u00e9 zariadenie - FEAG<\/title>\n<meta name=\"robots\" content=\"noindex, follow, max-snippet:-1, max-image-preview:large, max-video-preview:-1\" \/>\n<meta property=\"og:locale\" content=\"sk_SK\" \/>\n<meta property=\"og:type\" content=\"article\" \/>\n<meta property=\"og:title\" content=\"Sie\u0165ov\u00e9 filtra\u010dn\u00e9 zariadenie - FEAG\" \/>\n<meta property=\"og:url\" content=\"https:\/\/feag.sites.vh1-schrittweiter.de\/sk\/product\/smarte-technik\/power-quality\/netzfilteranlage\/\" \/>\n<meta property=\"og:site_name\" content=\"FEAG\" \/>\n<meta property=\"article:modified_time\" content=\"2022-02-25T15:57:53+00:00\" \/>\n<meta name=\"twitter:card\" content=\"summary_large_image\" \/>\n<script type=\"application\/ld+json\" class=\"yoast-schema-graph\">{\"@context\":\"https:\/\/schema.org\",\"@graph\":[{\"@type\":\"WebPage\",\"@id\":\"https:\/\/feag.sites.vh1-schrittweiter.de\/sk\/product\/smarte-technik\/power-quality\/netzfilteranlage\/\",\"url\":\"https:\/\/feag.sites.vh1-schrittweiter.de\/sk\/product\/smarte-technik\/power-quality\/netzfilteranlage\/\",\"name\":\"Sie\u0165ov\u00e9 filtra\u010dn\u00e9 zariadenie - FEAG\",\"isPartOf\":{\"@id\":\"https:\/\/feag.sites.vh1-schrittweiter.de\/sk\/#website\"},\"datePublished\":\"2021-08-03T09:41:37+00:00\",\"dateModified\":\"2022-02-25T15:57:53+00:00\",\"breadcrumb\":{\"@id\":\"https:\/\/feag.sites.vh1-schrittweiter.de\/sk\/product\/smarte-technik\/power-quality\/netzfilteranlage\/#breadcrumb\"},\"inLanguage\":\"sk-SK\",\"potentialAction\":[{\"@type\":\"ReadAction\",\"target\":[\"https:\/\/feag.sites.vh1-schrittweiter.de\/sk\/product\/smarte-technik\/power-quality\/netzfilteranlage\/\"]}]},{\"@type\":\"BreadcrumbList\",\"@id\":\"https:\/\/feag.sites.vh1-schrittweiter.de\/sk\/product\/smarte-technik\/power-quality\/netzfilteranlage\/#breadcrumb\",\"itemListElement\":[{\"@type\":\"ListItem\",\"position\":1,\"name\":\"Startseite\",\"item\":\"https:\/\/feag.sites.vh1-schrittweiter.de\/sk\/\"},{\"@type\":\"ListItem\",\"position\":2,\"name\":\"Inteligentn\u00e1 technol\u00f3gia\",\"item\":\"https:\/\/feag.sites.vh1-schrittweiter.de\/sk\/product\/smarte-technik\/\"},{\"@type\":\"ListItem\",\"position\":3,\"name\":\"Power Quality\",\"item\":\"https:\/\/feag.sites.vh1-schrittweiter.de\/sk\/product\/smarte-technik\/power-quality\/\"},{\"@type\":\"ListItem\",\"position\":4,\"name\":\"Sie\u0165ov\u00e9 filtra\u010dn\u00e9 zariadenie\"}]},{\"@type\":\"WebSite\",\"@id\":\"https:\/\/feag.sites.vh1-schrittweiter.de\/sk\/#website\",\"url\":\"https:\/\/feag.sites.vh1-schrittweiter.de\/sk\/\",\"name\":\"FEAG\",\"description\":\"Just another WordPress site\",\"potentialAction\":[{\"@type\":\"SearchAction\",\"target\":{\"@type\":\"EntryPoint\",\"urlTemplate\":\"https:\/\/feag.sites.vh1-schrittweiter.de\/sk\/?s={search_term_string}\"},\"query-input\":{\"@type\":\"PropertyValueSpecification\",\"valueRequired\":true,\"valueName\":\"search_term_string\"}}],\"inLanguage\":\"sk-SK\"}]}<\/script>\n<!-- \/ Yoast SEO plugin. -->","yoast_head_json":{"title":"Sie\u0165ov\u00e9 filtra\u010dn\u00e9 zariadenie - FEAG","robots":{"index":"noindex","follow":"follow","max-snippet":"max-snippet:-1","max-image-preview":"max-image-preview:large","max-video-preview":"max-video-preview:-1"},"og_locale":"sk_SK","og_type":"article","og_title":"Sie\u0165ov\u00e9 filtra\u010dn\u00e9 zariadenie - FEAG","og_url":"https:\/\/feag.sites.vh1-schrittweiter.de\/sk\/product\/smarte-technik\/power-quality\/netzfilteranlage\/","og_site_name":"FEAG","article_modified_time":"2022-02-25T15:57:53+00:00","twitter_card":"summary_large_image","schema":{"@context":"https:\/\/schema.org","@graph":[{"@type":"WebPage","@id":"https:\/\/feag.sites.vh1-schrittweiter.de\/sk\/product\/smarte-technik\/power-quality\/netzfilteranlage\/","url":"https:\/\/feag.sites.vh1-schrittweiter.de\/sk\/product\/smarte-technik\/power-quality\/netzfilteranlage\/","name":"Sie\u0165ov\u00e9 filtra\u010dn\u00e9 zariadenie - FEAG","isPartOf":{"@id":"https:\/\/feag.sites.vh1-schrittweiter.de\/sk\/#website"},"datePublished":"2021-08-03T09:41:37+00:00","dateModified":"2022-02-25T15:57:53+00:00","breadcrumb":{"@id":"https:\/\/feag.sites.vh1-schrittweiter.de\/sk\/product\/smarte-technik\/power-quality\/netzfilteranlage\/#breadcrumb"},"inLanguage":"sk-SK","potentialAction":[{"@type":"ReadAction","target":["https:\/\/feag.sites.vh1-schrittweiter.de\/sk\/product\/smarte-technik\/power-quality\/netzfilteranlage\/"]}]},{"@type":"BreadcrumbList","@id":"https:\/\/feag.sites.vh1-schrittweiter.de\/sk\/product\/smarte-technik\/power-quality\/netzfilteranlage\/#breadcrumb","itemListElement":[{"@type":"ListItem","position":1,"name":"Startseite","item":"https:\/\/feag.sites.vh1-schrittweiter.de\/sk\/"},{"@type":"ListItem","position":2,"name":"Inteligentn\u00e1 technol\u00f3gia","item":"https:\/\/feag.sites.vh1-schrittweiter.de\/sk\/product\/smarte-technik\/"},{"@type":"ListItem","position":3,"name":"Power Quality","item":"https:\/\/feag.sites.vh1-schrittweiter.de\/sk\/product\/smarte-technik\/power-quality\/"},{"@type":"ListItem","position":4,"name":"Sie\u0165ov\u00e9 filtra\u010dn\u00e9 zariadenie"}]},{"@type":"WebSite","@id":"https:\/\/feag.sites.vh1-schrittweiter.de\/sk\/#website","url":"https:\/\/feag.sites.vh1-schrittweiter.de\/sk\/","name":"FEAG","description":"Just another WordPress site","potentialAction":[{"@type":"SearchAction","target":{"@type":"EntryPoint","urlTemplate":"https:\/\/feag.sites.vh1-schrittweiter.de\/sk\/?s={search_term_string}"},"query-input":{"@type":"PropertyValueSpecification","valueRequired":true,"valueName":"search_term_string"}}],"inLanguage":"sk-SK"}]}},"_links":{"self":[{"href":"https:\/\/feag.sites.vh1-schrittweiter.de\/sk\/wp-json\/wp\/v2\/product\/8138","targetHints":{"allow":["GET"]}}],"collection":[{"href":"https:\/\/feag.sites.vh1-schrittweiter.de\/sk\/wp-json\/wp\/v2\/product"}],"about":[{"href":"https:\/\/feag.sites.vh1-schrittweiter.de\/sk\/wp-json\/wp\/v2\/types\/product"}],"author":[{"embeddable":true,"href":"https:\/\/feag.sites.vh1-schrittweiter.de\/sk\/wp-json\/wp\/v2\/users\/7"}],"version-history":[{"count":2,"href":"https:\/\/feag.sites.vh1-schrittweiter.de\/sk\/wp-json\/wp\/v2\/product\/8138\/revisions"}],"predecessor-version":[{"id":8140,"href":"https:\/\/feag.sites.vh1-schrittweiter.de\/sk\/wp-json\/wp\/v2\/product\/8138\/revisions\/8140"}],"up":[{"embeddable":true,"href":"https:\/\/feag.sites.vh1-schrittweiter.de\/sk\/wp-json\/wp\/v2\/product\/8130"}],"wp:attachment":[{"href":"https:\/\/feag.sites.vh1-schrittweiter.de\/sk\/wp-json\/wp\/v2\/media?parent=8138"}],"curies":[{"name":"wp","href":"https:\/\/api.w.org\/{rel}","templated":true}]}}