{"id":8084,"date":"2021-05-11T08:23:55","date_gmt":"2021-05-11T08:23:55","guid":{"rendered":"https:\/\/feag.sites.vh1-schrittweiter.de\/product\/schaltanlagen\/sonderloesungen-fuer-mittelspannung\/"},"modified":"2022-02-25T16:35:49","modified_gmt":"2022-02-25T15:35:49","slug":"sonderloesungen-fuer-mittelspannung","status":"publish","type":"product","link":"https:\/\/feag.sites.vh1-schrittweiter.de\/sk\/product\/schaltanlagen\/sonderloesungen-fuer-mittelspannung\/","title":{"rendered":"\u0160peci\u00e1lne rie\u0161enia pre stredn\u00e9 nap\u00e4tie"},"content":{"rendered":"","protected":false},"author":7,"parent":8056,"menu_order":0,"template":"","meta":{"_acf_changed":false,"footnotes":""},"class_list":["post-8084","product","type-product","status-publish","hentry"],"acf":[],"yoast_head":"<!-- This site is optimized with the Yoast SEO plugin v25.0 - https:\/\/yoast.com\/wordpress\/plugins\/seo\/ -->\n<title>\u0160peci\u00e1lne rie\u0161enia pre stredn\u00e9 nap\u00e4tie - FEAG<\/title>\n<meta name=\"robots\" content=\"noindex, follow, max-snippet:-1, max-image-preview:large, max-video-preview:-1\" \/>\n<meta property=\"og:locale\" content=\"sk_SK\" \/>\n<meta property=\"og:type\" content=\"article\" \/>\n<meta property=\"og:title\" content=\"\u0160peci\u00e1lne rie\u0161enia pre stredn\u00e9 nap\u00e4tie - FEAG\" \/>\n<meta property=\"og:url\" content=\"https:\/\/feag.sites.vh1-schrittweiter.de\/sk\/product\/schaltanlagen\/sonderloesungen-fuer-mittelspannung\/\" \/>\n<meta property=\"og:site_name\" content=\"FEAG\" \/>\n<meta property=\"article:modified_time\" content=\"2022-02-25T15:35:49+00:00\" \/>\n<meta name=\"twitter:card\" content=\"summary_large_image\" \/>\n<script type=\"application\/ld+json\" class=\"yoast-schema-graph\">{\"@context\":\"https:\/\/schema.org\",\"@graph\":[{\"@type\":\"WebPage\",\"@id\":\"https:\/\/feag.sites.vh1-schrittweiter.de\/sk\/product\/schaltanlagen\/sonderloesungen-fuer-mittelspannung\/\",\"url\":\"https:\/\/feag.sites.vh1-schrittweiter.de\/sk\/product\/schaltanlagen\/sonderloesungen-fuer-mittelspannung\/\",\"name\":\"\u0160peci\u00e1lne rie\u0161enia pre stredn\u00e9 nap\u00e4tie - FEAG\",\"isPartOf\":{\"@id\":\"https:\/\/feag.sites.vh1-schrittweiter.de\/sk\/#website\"},\"datePublished\":\"2021-05-11T08:23:55+00:00\",\"dateModified\":\"2022-02-25T15:35:49+00:00\",\"breadcrumb\":{\"@id\":\"https:\/\/feag.sites.vh1-schrittweiter.de\/sk\/product\/schaltanlagen\/sonderloesungen-fuer-mittelspannung\/#breadcrumb\"},\"inLanguage\":\"sk-SK\",\"potentialAction\":[{\"@type\":\"ReadAction\",\"target\":[\"https:\/\/feag.sites.vh1-schrittweiter.de\/sk\/product\/schaltanlagen\/sonderloesungen-fuer-mittelspannung\/\"]}]},{\"@type\":\"BreadcrumbList\",\"@id\":\"https:\/\/feag.sites.vh1-schrittweiter.de\/sk\/product\/schaltanlagen\/sonderloesungen-fuer-mittelspannung\/#breadcrumb\",\"itemListElement\":[{\"@type\":\"ListItem\",\"position\":1,\"name\":\"Startseite\",\"item\":\"https:\/\/feag.sites.vh1-schrittweiter.de\/sk\/\"},{\"@type\":\"ListItem\",\"position\":2,\"name\":\"Rozvodn\u00e9 zariadenia\",\"item\":\"https:\/\/feag.sites.vh1-schrittweiter.de\/sk\/product\/schaltanlagen\/\"},{\"@type\":\"ListItem\",\"position\":3,\"name\":\"\u0160peci\u00e1lne rie\u0161enia pre stredn\u00e9 nap\u00e4tie\"}]},{\"@type\":\"WebSite\",\"@id\":\"https:\/\/feag.sites.vh1-schrittweiter.de\/sk\/#website\",\"url\":\"https:\/\/feag.sites.vh1-schrittweiter.de\/sk\/\",\"name\":\"FEAG\",\"description\":\"Just another WordPress site\",\"potentialAction\":[{\"@type\":\"SearchAction\",\"target\":{\"@type\":\"EntryPoint\",\"urlTemplate\":\"https:\/\/feag.sites.vh1-schrittweiter.de\/sk\/?s={search_term_string}\"},\"query-input\":{\"@type\":\"PropertyValueSpecification\",\"valueRequired\":true,\"valueName\":\"search_term_string\"}}],\"inLanguage\":\"sk-SK\"}]}<\/script>\n<!-- \/ Yoast SEO plugin. -->","yoast_head_json":{"title":"\u0160peci\u00e1lne rie\u0161enia pre stredn\u00e9 nap\u00e4tie - FEAG","robots":{"index":"noindex","follow":"follow","max-snippet":"max-snippet:-1","max-image-preview":"max-image-preview:large","max-video-preview":"max-video-preview:-1"},"og_locale":"sk_SK","og_type":"article","og_title":"\u0160peci\u00e1lne rie\u0161enia pre stredn\u00e9 nap\u00e4tie - FEAG","og_url":"https:\/\/feag.sites.vh1-schrittweiter.de\/sk\/product\/schaltanlagen\/sonderloesungen-fuer-mittelspannung\/","og_site_name":"FEAG","article_modified_time":"2022-02-25T15:35:49+00:00","twitter_card":"summary_large_image","schema":{"@context":"https:\/\/schema.org","@graph":[{"@type":"WebPage","@id":"https:\/\/feag.sites.vh1-schrittweiter.de\/sk\/product\/schaltanlagen\/sonderloesungen-fuer-mittelspannung\/","url":"https:\/\/feag.sites.vh1-schrittweiter.de\/sk\/product\/schaltanlagen\/sonderloesungen-fuer-mittelspannung\/","name":"\u0160peci\u00e1lne rie\u0161enia pre stredn\u00e9 nap\u00e4tie - FEAG","isPartOf":{"@id":"https:\/\/feag.sites.vh1-schrittweiter.de\/sk\/#website"},"datePublished":"2021-05-11T08:23:55+00:00","dateModified":"2022-02-25T15:35:49+00:00","breadcrumb":{"@id":"https:\/\/feag.sites.vh1-schrittweiter.de\/sk\/product\/schaltanlagen\/sonderloesungen-fuer-mittelspannung\/#breadcrumb"},"inLanguage":"sk-SK","potentialAction":[{"@type":"ReadAction","target":["https:\/\/feag.sites.vh1-schrittweiter.de\/sk\/product\/schaltanlagen\/sonderloesungen-fuer-mittelspannung\/"]}]},{"@type":"BreadcrumbList","@id":"https:\/\/feag.sites.vh1-schrittweiter.de\/sk\/product\/schaltanlagen\/sonderloesungen-fuer-mittelspannung\/#breadcrumb","itemListElement":[{"@type":"ListItem","position":1,"name":"Startseite","item":"https:\/\/feag.sites.vh1-schrittweiter.de\/sk\/"},{"@type":"ListItem","position":2,"name":"Rozvodn\u00e9 zariadenia","item":"https:\/\/feag.sites.vh1-schrittweiter.de\/sk\/product\/schaltanlagen\/"},{"@type":"ListItem","position":3,"name":"\u0160peci\u00e1lne rie\u0161enia pre stredn\u00e9 nap\u00e4tie"}]},{"@type":"WebSite","@id":"https:\/\/feag.sites.vh1-schrittweiter.de\/sk\/#website","url":"https:\/\/feag.sites.vh1-schrittweiter.de\/sk\/","name":"FEAG","description":"Just another WordPress site","potentialAction":[{"@type":"SearchAction","target":{"@type":"EntryPoint","urlTemplate":"https:\/\/feag.sites.vh1-schrittweiter.de\/sk\/?s={search_term_string}"},"query-input":{"@type":"PropertyValueSpecification","valueRequired":true,"valueName":"search_term_string"}}],"inLanguage":"sk-SK"}]}},"_links":{"self":[{"href":"https:\/\/feag.sites.vh1-schrittweiter.de\/sk\/wp-json\/wp\/v2\/product\/8084","targetHints":{"allow":["GET"]}}],"collection":[{"href":"https:\/\/feag.sites.vh1-schrittweiter.de\/sk\/wp-json\/wp\/v2\/product"}],"about":[{"href":"https:\/\/feag.sites.vh1-schrittweiter.de\/sk\/wp-json\/wp\/v2\/types\/product"}],"author":[{"embeddable":true,"href":"https:\/\/feag.sites.vh1-schrittweiter.de\/sk\/wp-json\/wp\/v2\/users\/7"}],"version-history":[{"count":2,"href":"https:\/\/feag.sites.vh1-schrittweiter.de\/sk\/wp-json\/wp\/v2\/product\/8084\/revisions"}],"predecessor-version":[{"id":8087,"href":"https:\/\/feag.sites.vh1-schrittweiter.de\/sk\/wp-json\/wp\/v2\/product\/8084\/revisions\/8087"}],"up":[{"embeddable":true,"href":"https:\/\/feag.sites.vh1-schrittweiter.de\/sk\/wp-json\/wp\/v2\/product\/8056"}],"wp:attachment":[{"href":"https:\/\/feag.sites.vh1-schrittweiter.de\/sk\/wp-json\/wp\/v2\/media?parent=8084"}],"curies":[{"name":"wp","href":"https:\/\/api.w.org\/{rel}","templated":true}]}}