{"id":7967,"date":"2021-03-23T13:55:21","date_gmt":"2021-03-23T13:55:21","guid":{"rendered":"https:\/\/feag.sites.vh1-schrittweiter.de\/jobs\/"},"modified":"2023-11-07T10:15:32","modified_gmt":"2023-11-07T09:15:32","slug":"jobs","status":"publish","type":"page","link":"https:\/\/feag.sites.vh1-schrittweiter.de\/sk\/jobs\/","title":{"rendered":"PRACOVN\u00c9 PONUKY"},"content":{"rendered":"\n<section\n  class=\"c-widget c-widget--intro align c-widget--has-space-top-inherit c-widget--has-space-bottom-inherit \" data-block_161f60d94c840a64912acdabc62506d3>\n\n  <div class=\"c-intro c-intro--parallax-style-3\">\n    <div class=\"c-intro__bg\"><\/div>\n\n    <div class=\"c-intro__content\"><\/div>\n\n  <div class=\"c-intro__parallax-group\">\n                          <div class=\"c-intro__image c-intro__image--parallax\" style=\"background-image: url(https:\/\/feag.sites.vh1-schrittweiter.de\/wp-content\/uploads\/2021\/04\/jobs-bg-scaled.jpg); background-position: 50% 50%;\" data-modifier=\"5\"><\/div>\n                  <div class=\"c-intro__headline c-intro__headline--parallax c-intro__headline--h-centered c-intro__headline--h-centered\" style=\"--intro-headline-y-mobile: 40%;--intro-headline-y-desktop: 40%;--intro-headline-x-mobile: %;--intro-headline-x-desktop: %;\" data-modifier=\"10\">\n            <div class=\"o-wrapper\">\n              <h1>PRACOVN\u00c9 PONUKY<\/h1>\n            <\/div>\n          <\/div>\n                                        <div class=\"c-intro__image c-intro__image--parallax\" style=\"background-image: url(https:\/\/feag.sites.vh1-schrittweiter.de\/wp-content\/uploads\/2021\/04\/jobs-parallax.png); background-position: 50% 50%;\" data-modifier=\"18\"><\/div>\n                      <div\n  class=\"c-intro__fade\"\n  style=\"\n    background-image: linear-gradient(to top, var(--app-primary-color), transparent);\n    \"\n><\/div>\n  <\/div>\n\n<div class=\"c-intro__actions\">\n  <\/div>\n  <\/div>\n  <div id=\"c-intro__scroll\"><\/div>\n\n  <style type=\"text\/css\">\n    \n\n    [data-block_161f60d94c840a64912acdabc62506d3]  .c-intro__headline {\n      color:  #ffffff;\n    }\n\n\n  <\/style>\n\n<\/section>\n\n\n\n<section\n  class=\"c-widget c-widget--jobs align c-widget--has-space-top-inherit c-widget--has-space-bottom-inherit \" data-block_bb6ce6a2af5c174af405f5c34425555e>\n\n\n  <div class=\"c-widget__main\">\n\n    <div class=\"c-accordion c-accordion--horizontal\" style=\"--accordion-max-rows: 4\">\n      \n        \n        <div data-houdini-toggle=\"accordion-block_bb6ce6a2af5c174af405f5c34425555e-1\" class=\"c-accordion__link\" style=\"--accordion-row: 1\">\n          <span class=\"c-accordion__toggle-text\">\n              <span>\n                <span class=\"c-accordion__toggle-text-label\">Na pln\u00fd \u00fav\u00e4zok<\/span>\n                <span class=\"c-accordion__toggle-text-description\">0 freie Stellen<\/span>\n              <\/span>\n              <svg>\n                <use xlink:href=\"#icon-arrow-right\"><\/use>\n              <\/svg>\n            <\/span>\n        <\/div>\n\n        <div data-houdini-group=\"custom\" data-houdini-group-set=\"group-block_bb6ce6a2af5c174af405f5c34425555e\" id=\"accordion-block_bb6ce6a2af5c174af405f5c34425555e-1\" class=\"c-accordion__content  is-expanded\">\n\n          <div class=\"o-wrapper\">\n            <div class=\"o-container\">\n\n              <header class=\"c-widget__header   c-widget__header--has-headline c-widget__header--center\">\n  <div class=\"c-widget__header-content\">\n        <h2 class=\"c-widget__headline\">Pr\u00e1ca na pln\u00fd \u00fav\u00e4zok<\/h2>\n      <\/div>\n      <\/header>\n\n              \n            <\/div>\n          <\/div>\n\n        <\/div>\n\n      \n        \n        <div data-houdini-toggle=\"accordion-block_bb6ce6a2af5c174af405f5c34425555e-2\" class=\"c-accordion__link\" style=\"--accordion-row: 2\">\n          <span class=\"c-accordion__toggle-text\">\n              <span>\n                <span class=\"c-accordion__toggle-text-label\">Vzdel\u00e1vanie<\/span>\n                <span class=\"c-accordion__toggle-text-description\">0 freie Stellen<\/span>\n              <\/span>\n              <svg>\n                <use xlink:href=\"#icon-arrow-right\"><\/use>\n              <\/svg>\n            <\/span>\n        <\/div>\n\n        <div data-houdini-group=\"custom\" data-houdini-group-set=\"group-block_bb6ce6a2af5c174af405f5c34425555e\" id=\"accordion-block_bb6ce6a2af5c174af405f5c34425555e-2\" class=\"c-accordion__content \">\n\n          <div class=\"o-wrapper\">\n            <div class=\"o-container\">\n\n              <header class=\"c-widget__header   c-widget__header--has-headline c-widget__header--center\">\n  <div class=\"c-widget__header-content\">\n        <h2 class=\"c-widget__headline\">Vzdel\u00e1vacie poz\u00edcie<\/h2>\n      <\/div>\n      <\/header>\n\n              \n            <\/div>\n          <\/div>\n\n        <\/div>\n\n      \n        \n        <div data-houdini-toggle=\"accordion-block_bb6ce6a2af5c174af405f5c34425555e-3\" class=\"c-accordion__link\" style=\"--accordion-row: 3\">\n          <span class=\"c-accordion__toggle-text\">\n              <span>\n                <span class=\"c-accordion__toggle-text-label\">Na \u010diasto\u010dn\u00fd \u00fav\u00e4zok<\/span>\n                <span class=\"c-accordion__toggle-text-description\">0 freie Stellen<\/span>\n              <\/span>\n              <svg>\n                <use xlink:href=\"#icon-arrow-right\"><\/use>\n              <\/svg>\n            <\/span>\n        <\/div>\n\n        <div data-houdini-group=\"custom\" data-houdini-group-set=\"group-block_bb6ce6a2af5c174af405f5c34425555e\" id=\"accordion-block_bb6ce6a2af5c174af405f5c34425555e-3\" class=\"c-accordion__content \">\n\n          <div class=\"o-wrapper\">\n            <div class=\"o-container\">\n\n              <header class=\"c-widget__header   c-widget__header--has-headline c-widget__header--center\">\n  <div class=\"c-widget__header-content\">\n        <h2 class=\"c-widget__headline\">Pr\u00e1ca na \u010diasto\u010dn\u00fd \u00fav\u00e4zok<\/h2>\n      <\/div>\n      <\/header>\n\n              \n            <\/div>\n          <\/div>\n\n        <\/div>\n\n      \n        \n        <div data-houdini-toggle=\"accordion-block_bb6ce6a2af5c174af405f5c34425555e-4\" class=\"c-accordion__link\" style=\"--accordion-row: 4\">\n          <span class=\"c-accordion__toggle-text\">\n              <span>\n                <span class=\"c-accordion__toggle-text-label\">Prax<\/span>\n                <span class=\"c-accordion__toggle-text-description\">0 freie Stellen<\/span>\n              <\/span>\n              <svg>\n                <use xlink:href=\"#icon-arrow-right\"><\/use>\n              <\/svg>\n            <\/span>\n        <\/div>\n\n        <div data-houdini-group=\"custom\" data-houdini-group-set=\"group-block_bb6ce6a2af5c174af405f5c34425555e\" id=\"accordion-block_bb6ce6a2af5c174af405f5c34425555e-4\" class=\"c-accordion__content \">\n\n          <div class=\"o-wrapper\">\n            <div class=\"o-container\">\n\n              <header class=\"c-widget__header   c-widget__header--has-headline c-widget__header--center\">\n  <div class=\"c-widget__header-content\">\n        <h2 class=\"c-widget__headline\">Praxov\u00e9 poz\u00edcie<\/h2>\n      <\/div>\n      <\/header>\n\n              \n            <\/div>\n          <\/div>\n\n        <\/div>\n\n          <\/div>\n \n  <\/div>\n  \n<\/section>\n\n\n\n<section\n  class=\"c-widget c-widget--testimonial align c-widget--has-space-bottom-inherit \" data-block_78a88cafc8326d3185209ff809d27b62>\n  <div class=\"o-wrapper\">\n    <div class=\"o-container\">\n\n      <header class=\"c-widget__header c-widget__header--small-bottom  c-widget__header--has-headline c-widget__header--center\">\n  <div class=\"c-widget__header-content\">\n        <h2 class=\"c-widget__headline\">Ohlasy na\u0161ich zamestnancov<\/h2>\n      <\/div>\n      <\/header>\n\n\n              <div class=\"c-widget__main\">\n          <div class=\"c-testimonial\" id=\"testimonial-block_78a88cafc8326d3185209ff809d27b62\">\n                          \n<div class=\"c-testimonial-card\">\n\n  <div class=\"c-testimonial-card__image\">\n    \n  <div class=\"c-img c-img--square\">\n    <div class=\"c-img__full u-lazy\" data-background-image=\"https:\/\/feag.sites.vh1-schrittweiter.de\/wp-content\/uploads\/2021\/08\/MicrosoftTeams-image.png\" style=\"background-position: 50% 50%;\"><\/div>\n    <div class=\"c-img__placeholder\" style=\"background-image: url(https:\/\/feag.sites.vh1-schrittweiter.de\/wp-content\/uploads\/2021\/08\/MicrosoftTeams-image-16x0-c-default.png)\"><\/div>\n  <\/div>\n  <\/div>\n\n  <div class=\"c-testimonial-card__person\">\n    <div class=\"c-testimonial-card__person-name\">\n       \n    <\/div>\n\n    <div class=\"c-testimonial-card__person-position\">\n      &#8211;\n    <\/div>\n  <\/div>\n\n  <div class=\"c-testimonial-card__message\">\n    \u00bbSom hrd\u00fd na to, \u017ee som s\u00fa\u010das\u0165ou tejto rodiny u\u017e viac ako 30 rokov.\u00ab\n  <\/div>\n\n<\/div>\n                          \n<div class=\"c-testimonial-card\">\n\n  <div class=\"c-testimonial-card__image\">\n    \n  <div class=\"c-img c-img--square\">\n    <div class=\"c-img__full u-lazy\" data-background-image=\"https:\/\/feag.sites.vh1-schrittweiter.de\/wp-content\/uploads\/2021\/08\/MicrosoftTeams-image.png\" style=\"background-position: 50% 50%;\"><\/div>\n    <div class=\"c-img__placeholder\" style=\"background-image: url(https:\/\/feag.sites.vh1-schrittweiter.de\/wp-content\/uploads\/2021\/08\/MicrosoftTeams-image-16x0-c-default.png)\"><\/div>\n  <\/div>\n  <\/div>\n\n  <div class=\"c-testimonial-card__person\">\n    <div class=\"c-testimonial-card__person-name\">\n       \n    <\/div>\n\n    <div class=\"c-testimonial-card__person-position\">\n      &#8211;\n    <\/div>\n  <\/div>\n\n  <div class=\"c-testimonial-card__message\">\n    \u00bbAko zamestnanec, ktor\u00fd je v spolo\u010dnosti FEAG od za\u010diatku, som si v\u0161imol, \u017ee najm\u00e4 v posledn\u00fdch rokoch sa FEAG \u010doraz viac men\u00ed z v\u00fdlu\u010dn\u00e9ho v\u00fdrobcu rozv\u00e1dza\u010dov na inovat\u00edvnu spolo\u010dnos\u0165. Vznikaj\u00fa nov\u00e9 n\u00e1pady a pod\u013ea mo\u017enosti sa aj realizuj\u00fa. Pru\u017en\u00fd pracovn\u00fd \u010das a pru\u017en\u00e9 dni u\u017e v na\u0161ej spolo\u010dnosti nie s\u00fa nezn\u00e1mymi pojmami.\r\n\u00ab\n  <\/div>\n\n<\/div>\n                          \n<div class=\"c-testimonial-card\">\n\n  <div class=\"c-testimonial-card__image\">\n    \n  <div class=\"c-img c-img--square\">\n    <div class=\"c-img__full u-lazy\" data-background-image=\"https:\/\/feag.sites.vh1-schrittweiter.de\/wp-content\/uploads\/2021\/08\/MicrosoftTeams-image.png\" style=\"background-position: 50% 50%;\"><\/div>\n    <div class=\"c-img__placeholder\" style=\"background-image: url(https:\/\/feag.sites.vh1-schrittweiter.de\/wp-content\/uploads\/2021\/08\/MicrosoftTeams-image-16x0-c-default.png)\"><\/div>\n  <\/div>\n  <\/div>\n\n  <div class=\"c-testimonial-card__person\">\n    <div class=\"c-testimonial-card__person-name\">\n       \n    <\/div>\n\n    <div class=\"c-testimonial-card__person-position\">\n      &#8211;\n    <\/div>\n  <\/div>\n\n  <div class=\"c-testimonial-card__message\">\n    \u00bbFEAG je spolo\u010dnos\u0165 v procese transform\u00e1cie, ktor\u00e1 m\u00e1 mo\u017enos\u0165 zav\u00e1dza\u0165 a realizova\u0165 nov\u00e9 my\u0161lienky a inov\u00e1cie.\u00ab\n  <\/div>\n\n<\/div>\n                      <\/div>\n                  <\/div>\n      \n    <\/div>\n\n  <\/div>\n\n  <style type=\"text\/css\">\n    [data-block_78a88cafc8326d3185209ff809d27b62],\n    [data-block_78a88cafc8326d3185209ff809d27b62] .c-widget__label,\n    [data-block_78a88cafc8326d3185209ff809d27b62] .c-widget__headline {\n      background-color: inherit;\n      color: inherit;\n    }\n\n  <\/style>\n<\/section>\n\n\n\n<section\n  class=\"c-widget c-widget--quote align c-widget--has-space-top-inherit c-widget--has-space-bottom-inherit\" data-block_3315b1e79d51aa4f3cab99a4583fad24>\n  <div class=\"o-wrapper\">\n    <div class=\"o-container\">\n\n        <div class=\"c-widget__main\">\n\n          <blockquote class=\"c-quote\">\n\n            <div class=\"c-quote__content\">\n\n              <div class=\"c-quote__label\"><\/div>\n\n              <div class=\"c-quote__headline\">\u00bbJe pre n\u00e1s neuverite\u013en\u00fdm pote\u0161en\u00edm spolo\u010dne riadi\u0165 s\u00fa\u010dasn\u00fd proces transform\u00e1cie, aby sme mali e\u0161te lep\u0161iu poz\u00edciu do bud\u00facnosti.\u00ab<\/div>\n\n            <\/div>\n\n            <div class=\"c-quote__author\">\n\n              <div class=\"c-quote__author-image\">\n                                \n  <div class=\"c-img c-img--square\">\n    <div class=\"c-img__full u-lazy\" data-background-image=\"https:\/\/feag.sites.vh1-schrittweiter.de\/wp-content\/uploads\/2021\/08\/221D450307-scaled.jpg\" style=\"background-position: 48.24% 31.92%;\"><\/div>\n    <div class=\"c-img__placeholder\" style=\"background-image: url(https:\/\/feag.sites.vh1-schrittweiter.de\/wp-content\/uploads\/2021\/08\/221D450307-scaled-16x0-c-default.jpg)\"><\/div>\n  <\/div>\n              <\/div>\n\n              <cite class=\"c-quote__author-name\">\n                Nicole Meissner\n                <span>V\u00fdkonn\u00e1 riadite\u013eka FEAG Group<\/span>\n              <\/cite>\n\n            <\/div>\n\n            <svg class=\"c-quote__wave\">\n              <use xlink:href=\"#icon-logo-wave\"><\/use>\n            <\/svg>\n          <\/blockquote>\n\n        <\/div>\n\n\n    <\/div>\n  <\/div>\n\n<\/section>\n\n\n\n<section\n  class=\"c-widget c-widget--gallery align c-widget--has-space-top-inherit c-widget--has-space-bottom-inherit\" data-block_ebcb876b5dd14db0b3f1b36ad2b01631>\n  <div class=\"o-wrapper\">\n    <div class=\"o-container\" data-gallery-postion-reference=\"gallery-block_ebcb876b5dd14db0b3f1b36ad2b01631\">\n\n      \n    <\/div>\n  <\/div>\n\n\n      <div class=\"c-widget__main\">\n\n          <div class=\"c-gallery\" data-gallery=\"gallery-block_ebcb876b5dd14db0b3f1b36ad2b01631\">\n            <div class=\"c-gallery__inner\">\n\n              <div class=\"c-slider c-slider--offset c-slider--has-navigation\" data-swiper-slider>\n  <div class=\"swiper-container swiper-container--main\" data-swiper-options='{\"spaceBetween\":10,\"loop\":true,\"loopedSlides\":2,\"breakpoints\":{\"320\":{\"slidesPerView\":\"auto\"},\"1024\":{\"slidesPerView\":2}}}'>\n    <div class=\"swiper-wrapper\">\n\n      \n                                  <div class=\"swiper-slide\">\n                                        \n  <div class=\"c-img c-img--landscape\">\n    <div class=\"c-img__full u-lazy\" data-background-image=\"https:\/\/feag.sites.vh1-schrittweiter.de\/wp-content\/uploads\/2021\/09\/BF0A6643_1631014519.jpg\" style=\"background-position: 50% 50%;\"><\/div>\n    <div class=\"c-img__placeholder\" style=\"background-image: url(https:\/\/feag.sites.vh1-schrittweiter.de\/wp-content\/uploads\/2021\/09\/BF0A6643_1631014519-16x0-c-default.jpg)\"><\/div>\n  <\/div>\n                  <\/div>\n                                  <div class=\"swiper-slide\">\n                                        \n  <div class=\"c-img c-img--landscape\">\n    <div class=\"c-img__full u-lazy\" data-background-image=\"https:\/\/feag.sites.vh1-schrittweiter.de\/wp-content\/uploads\/2021\/05\/221D450112-scaled.jpg\" style=\"background-position: 50% 50%;\"><\/div>\n    <div class=\"c-img__placeholder\" style=\"background-image: url(https:\/\/feag.sites.vh1-schrittweiter.de\/wp-content\/uploads\/2021\/05\/221D450112-scaled-16x0-c-default.jpg)\"><\/div>\n  <\/div>\n                  <\/div>\n                                  <div class=\"swiper-slide\">\n                                        \n  <div class=\"c-img c-img--landscape\">\n    <div class=\"c-img__full u-lazy\" data-background-image=\"https:\/\/feag.sites.vh1-schrittweiter.de\/wp-content\/uploads\/2021\/09\/221D450475_1632921798.jpg\" style=\"background-position: 50% 50%;\"><\/div>\n    <div class=\"c-img__placeholder\" style=\"background-image: url(https:\/\/feag.sites.vh1-schrittweiter.de\/wp-content\/uploads\/2021\/09\/221D450475_1632921798-16x0-c-default.jpg)\"><\/div>\n  <\/div>\n                  <\/div>\n                                  <div class=\"swiper-slide\">\n                                        \n  <div class=\"c-img c-img--landscape\">\n    <div class=\"c-img__full u-lazy\" data-background-image=\"https:\/\/feag.sites.vh1-schrittweiter.de\/wp-content\/uploads\/2021\/05\/221D450013-scaled.jpg\" style=\"background-position: 50% 50%;\"><\/div>\n    <div class=\"c-img__placeholder\" style=\"background-image: url(https:\/\/feag.sites.vh1-schrittweiter.de\/wp-content\/uploads\/2021\/05\/221D450013-scaled-16x0-c-default.jpg)\"><\/div>\n  <\/div>\n                  <\/div>\n                                  <div class=\"swiper-slide\">\n                                        \n  <div class=\"c-img c-img--landscape\">\n    <div class=\"c-img__full u-lazy\" data-background-image=\"https:\/\/feag.sites.vh1-schrittweiter.de\/wp-content\/uploads\/2021\/05\/221D450509-scaled.jpg\" style=\"background-position: 50% 50%;\"><\/div>\n    <div class=\"c-img__placeholder\" style=\"background-image: url(https:\/\/feag.sites.vh1-schrittweiter.de\/wp-content\/uploads\/2021\/05\/221D450509-scaled-16x0-c-default.jpg)\"><\/div>\n  <\/div>\n                  <\/div>\n                \n              \n    <\/div>\n\n          <div class=\"c-slider__navigation\">\n        <button class=\"c-slider__navigation-button c-slider--prev\">\n          <svg>\n            <use xlink:href=\"#icon-arrow-left\"><\/use>\n          <\/svg>\n        <\/button>\n        <button class=\"c-slider__navigation-button c-slider--next\">\n          <svg>\n            <use xlink:href=\"#icon-arrow-right\"><\/use>\n          <\/svg>\n        <\/button>\n      <\/div>\n    \n          <div class=\"swiper-pagination c-slider__pagination\"><\/div>\n    \n  <\/div>\n\n        <div class=\"swiper-container swiper-container--captions\" data-swiper-caption-options='{\"slidesPerView\":1,\"loop\":true,\"loopedSlides\":2}'>\n      <div class=\"swiper-wrapper\">\n          \n                \n                  <div class=\"swiper-slide\">\n                    <div class=\"c-slider__caption\">\n                      \n                    <\/div>\n                  <\/div>\n\n                \n                  <div class=\"swiper-slide\">\n                    <div class=\"c-slider__caption\">\n                      \n                    <\/div>\n                  <\/div>\n\n                \n                  <div class=\"swiper-slide\">\n                    <div class=\"c-slider__caption\">\n                      \n                    <\/div>\n                  <\/div>\n\n                \n                  <div class=\"swiper-slide\">\n                    <div class=\"c-slider__caption\">\n                      \n                    <\/div>\n                  <\/div>\n\n                \n                  <div class=\"swiper-slide\">\n                    <div class=\"c-slider__caption\">\n                      \n                    <\/div>\n                  <\/div>\n\n                \n              \n      <\/div>\n    <\/div>\n  \n<\/div>\n\n          \n          <\/div>\n        <\/div>\n\n      <\/div>\n\n<\/section>\n\n\n\n<section\n  class=\"c-widget c-widget--cta-interaction align c-widget--has-space-top-inherit c-widget--has-space-bottom-inherit\" data-block_937254c6942ba152b1a501ba03d5ff84>\n  <div class=\"o-wrapper\">\n    <div class=\"o-container\">\n\n      \n        <div class=\"c-widget__main\">\n\n          <div class=\"c-cta-interactive\">\n            <div class=\"c-cta-interactive__inner\">\n\n              <div class=\"c-cta-interactive__content\">\n\n                <div class=\"c-cta-interactive__label\">STA\u0147 SA S\u00da\u010cAS\u0164OU T\u00cdMU<\/div>\n\n                <div class=\"c-cta-interactive__headline\">V\u017edy sa te\u0161\u00edme na nov\u00e9 \u017eiadosti.<\/div>\n\n              <\/div>\n\n              <div class=\"c-cta-interactive__actions\">\n\n                                  <a href=\"https:\/\/feag.sites.vh1-schrittweiter.de\/jobs\/\" class=\"c-cta-interactive__action\">\n                    <span class=\"c-cta-interactive__action__text\">Uch\u00e1dza\u0165 sa teraz<\/span>\n                    <span class=\"c-cta-interactive__action__arrow\">\n                      <svg>\n                        <use xlink:href=\"#icon-arrow-right\"><\/use>\n                      <\/svg>\n                    <\/span>\n                  <\/a>\n                \n              <\/div>\n\n            <\/div>\n          <\/div>\n\n        <\/div>\n\n\n    <\/div>\n  <\/div>\n\n  <style type=\"text\/css\">\n    [data-block_937254c6942ba152b1a501ba03d5ff84],\n    [data-block_937254c6942ba152b1a501ba03d5ff84] .c-widget__label,\n    [data-block_937254c6942ba152b1a501ba03d5ff84] .c-widget__headline {\n      background-color: inherit;\n      color: inherit;\n    }\n  <\/style>\n<\/section>\n","protected":false},"excerpt":{"rendered":"","protected":false},"author":1,"featured_media":0,"parent":0,"menu_order":0,"comment_status":"closed","ping_status":"closed","template":"","meta":{"_acf_changed":false,"footnotes":""},"class_list":["post-7967","page","type-page","status-publish","hentry"],"acf":[],"yoast_head":"<!-- This site is optimized with the Yoast SEO plugin v25.0 - https:\/\/yoast.com\/wordpress\/plugins\/seo\/ -->\n<title>PRACOVN\u00c9 PONUKY - FEAG<\/title>\n<meta name=\"robots\" content=\"noindex, follow, max-snippet:-1, max-image-preview:large, max-video-preview:-1\" \/>\n<meta property=\"og:locale\" content=\"sk_SK\" \/>\n<meta property=\"og:type\" content=\"article\" \/>\n<meta property=\"og:title\" content=\"PRACOVN\u00c9 PONUKY - FEAG\" \/>\n<meta property=\"og:url\" content=\"https:\/\/feag.sites.vh1-schrittweiter.de\/sk\/jobs\/\" \/>\n<meta property=\"og:site_name\" content=\"FEAG\" \/>\n<meta property=\"article:modified_time\" content=\"2023-11-07T09:15:32+00:00\" \/>\n<meta name=\"twitter:card\" content=\"summary_large_image\" \/>\n<script type=\"application\/ld+json\" class=\"yoast-schema-graph\">{\"@context\":\"https:\/\/schema.org\",\"@graph\":[{\"@type\":\"WebPage\",\"@id\":\"https:\/\/feag.sites.vh1-schrittweiter.de\/sk\/jobs\/\",\"url\":\"https:\/\/feag.sites.vh1-schrittweiter.de\/sk\/jobs\/\",\"name\":\"PRACOVN\u00c9 PONUKY - FEAG\",\"isPartOf\":{\"@id\":\"https:\/\/feag.sites.vh1-schrittweiter.de\/sk\/#website\"},\"datePublished\":\"2021-03-23T13:55:21+00:00\",\"dateModified\":\"2023-11-07T09:15:32+00:00\",\"breadcrumb\":{\"@id\":\"https:\/\/feag.sites.vh1-schrittweiter.de\/sk\/jobs\/#breadcrumb\"},\"inLanguage\":\"sk-SK\",\"potentialAction\":[{\"@type\":\"ReadAction\",\"target\":[\"https:\/\/feag.sites.vh1-schrittweiter.de\/sk\/jobs\/\"]}]},{\"@type\":\"BreadcrumbList\",\"@id\":\"https:\/\/feag.sites.vh1-schrittweiter.de\/sk\/jobs\/#breadcrumb\",\"itemListElement\":[{\"@type\":\"ListItem\",\"position\":1,\"name\":\"Startseite\",\"item\":\"https:\/\/feag.sites.vh1-schrittweiter.de\/sk\/\"},{\"@type\":\"ListItem\",\"position\":2,\"name\":\"PRACOVN\u00c9 PONUKY\"}]},{\"@type\":\"WebSite\",\"@id\":\"https:\/\/feag.sites.vh1-schrittweiter.de\/sk\/#website\",\"url\":\"https:\/\/feag.sites.vh1-schrittweiter.de\/sk\/\",\"name\":\"FEAG\",\"description\":\"Just another WordPress site\",\"potentialAction\":[{\"@type\":\"SearchAction\",\"target\":{\"@type\":\"EntryPoint\",\"urlTemplate\":\"https:\/\/feag.sites.vh1-schrittweiter.de\/sk\/?s={search_term_string}\"},\"query-input\":{\"@type\":\"PropertyValueSpecification\",\"valueRequired\":true,\"valueName\":\"search_term_string\"}}],\"inLanguage\":\"sk-SK\"}]}<\/script>\n<!-- \/ Yoast SEO plugin. -->","yoast_head_json":{"title":"PRACOVN\u00c9 PONUKY - FEAG","robots":{"index":"noindex","follow":"follow","max-snippet":"max-snippet:-1","max-image-preview":"max-image-preview:large","max-video-preview":"max-video-preview:-1"},"og_locale":"sk_SK","og_type":"article","og_title":"PRACOVN\u00c9 PONUKY - FEAG","og_url":"https:\/\/feag.sites.vh1-schrittweiter.de\/sk\/jobs\/","og_site_name":"FEAG","article_modified_time":"2023-11-07T09:15:32+00:00","twitter_card":"summary_large_image","schema":{"@context":"https:\/\/schema.org","@graph":[{"@type":"WebPage","@id":"https:\/\/feag.sites.vh1-schrittweiter.de\/sk\/jobs\/","url":"https:\/\/feag.sites.vh1-schrittweiter.de\/sk\/jobs\/","name":"PRACOVN\u00c9 PONUKY - FEAG","isPartOf":{"@id":"https:\/\/feag.sites.vh1-schrittweiter.de\/sk\/#website"},"datePublished":"2021-03-23T13:55:21+00:00","dateModified":"2023-11-07T09:15:32+00:00","breadcrumb":{"@id":"https:\/\/feag.sites.vh1-schrittweiter.de\/sk\/jobs\/#breadcrumb"},"inLanguage":"sk-SK","potentialAction":[{"@type":"ReadAction","target":["https:\/\/feag.sites.vh1-schrittweiter.de\/sk\/jobs\/"]}]},{"@type":"BreadcrumbList","@id":"https:\/\/feag.sites.vh1-schrittweiter.de\/sk\/jobs\/#breadcrumb","itemListElement":[{"@type":"ListItem","position":1,"name":"Startseite","item":"https:\/\/feag.sites.vh1-schrittweiter.de\/sk\/"},{"@type":"ListItem","position":2,"name":"PRACOVN\u00c9 PONUKY"}]},{"@type":"WebSite","@id":"https:\/\/feag.sites.vh1-schrittweiter.de\/sk\/#website","url":"https:\/\/feag.sites.vh1-schrittweiter.de\/sk\/","name":"FEAG","description":"Just another WordPress site","potentialAction":[{"@type":"SearchAction","target":{"@type":"EntryPoint","urlTemplate":"https:\/\/feag.sites.vh1-schrittweiter.de\/sk\/?s={search_term_string}"},"query-input":{"@type":"PropertyValueSpecification","valueRequired":true,"valueName":"search_term_string"}}],"inLanguage":"sk-SK"}]}},"_links":{"self":[{"href":"https:\/\/feag.sites.vh1-schrittweiter.de\/sk\/wp-json\/wp\/v2\/pages\/7967","targetHints":{"allow":["GET"]}}],"collection":[{"href":"https:\/\/feag.sites.vh1-schrittweiter.de\/sk\/wp-json\/wp\/v2\/pages"}],"about":[{"href":"https:\/\/feag.sites.vh1-schrittweiter.de\/sk\/wp-json\/wp\/v2\/types\/page"}],"author":[{"embeddable":true,"href":"https:\/\/feag.sites.vh1-schrittweiter.de\/sk\/wp-json\/wp\/v2\/users\/1"}],"replies":[{"embeddable":true,"href":"https:\/\/feag.sites.vh1-schrittweiter.de\/sk\/wp-json\/wp\/v2\/comments?post=7967"}],"version-history":[{"count":6,"href":"https:\/\/feag.sites.vh1-schrittweiter.de\/sk\/wp-json\/wp\/v2\/pages\/7967\/revisions"}],"predecessor-version":[{"id":9337,"href":"https:\/\/feag.sites.vh1-schrittweiter.de\/sk\/wp-json\/wp\/v2\/pages\/7967\/revisions\/9337"}],"wp:attachment":[{"href":"https:\/\/feag.sites.vh1-schrittweiter.de\/sk\/wp-json\/wp\/v2\/media?parent=7967"}],"curies":[{"name":"wp","href":"https:\/\/api.w.org\/{rel}","templated":true}]}}