{"id":7882,"date":"2021-08-24T18:22:30","date_gmt":"2021-08-24T16:22:30","guid":{"rendered":"https:\/\/feag.sites.vh1-schrittweiter.de\/impressum\/"},"modified":"2022-03-18T08:45:44","modified_gmt":"2022-03-18T07:45:44","slug":"impressum","status":"publish","type":"page","link":"https:\/\/feag.sites.vh1-schrittweiter.de\/sk\/impressum\/","title":{"rendered":"Impressum"},"content":{"rendered":"\n<section\n  class=\"c-widget c-widget--text align c-widget--has-space-bottom-inherit\" data-block_61251cd50e32d>\n  <div class=\"o-wrapper\">\n    <div class=\"o-container\">\n\n              <header class=\"c-widget__header   c-widget__header--has-headline c-widget__header--center\">\n  <div class=\"c-widget__header-content\">\n        <h2 class=\"c-widget__headline\">IMPRESSUM<\/h2>\n      <\/div>\n      <\/header>\n      \n        <div class=\"c-widget__main\">\n\n          <div class=\"c-text\">\n\n            <div class=\"c-text__content\">\n              <p><strong>FEAG Holding GmbH<br \/>\n<\/strong>Breitweidig 5<br \/>\n91301 Forchheim<\/p>\n<p>Tel. +49 (911) 956456 \u2013 0<br \/>\ninfo@feag.de<\/p>\n<p>S\u00eddlo spolo\u010dnosti FEAG GmbH: Berl\u00edn<br \/>\nRegistra\u010dn\u00fd s\u00fad: AG Charlottenburg, HRB 160959 B<br \/>\nMana\u017ement: Dr. Hermann Andreas; Tom Peiffer; Nicole Meissner<\/p>\n<p>&nbsp;<\/p>\n<h4><strong>PR\u00c1VNE POZN\u00c1MKY O ZODPOVEDNOSTI\/ODMIETNUTIE ZODPOVEDNOSTI<\/strong><\/h4>\n<p>Spolo\u010dnos\u0165 FEAG GmbH vynaklad\u00e1 maxim\u00e1lne \u00fasilie na to, aby boli inform\u00e1cie uveden\u00e9 na tejto webovej str\u00e1nke spr\u00e1vne a aktu\u00e1lne. Napriek tomu nemo\u017eno \u00faplne vyl\u00fa\u010di\u0165 chyby a nejasnosti. Spolo\u010dnos\u0165 FEAG GmbH preto nenesie \u017eiadnu zodpovednos\u0165 za aktu\u00e1lnos\u0165, spr\u00e1vnos\u0165, \u00faplnos\u0165 a kvalitu poskytnut\u00fdch inform\u00e1ci\u00ed.<\/p>\n<p>Spolo\u010dnos\u0165 FEAG GmbH neru\u010d\u00ed za \u017eiadne materi\u00e1lne alebo nemateri\u00e1lne \u0161kody, ktor\u00e9 s\u00fa priamo alebo nepriamo sp\u00f4soben\u00e9 pou\u017eit\u00edm alebo nepou\u017eit\u00edm poskytnut\u00fdch inform\u00e1ci\u00ed, resp. pou\u017eit\u00edm nespr\u00e1vnych alebo ne\u00fapln\u00fdch inform\u00e1ci\u00ed, pokia\u013e sa nepreuk\u00e1\u017ee, \u017ee spolo\u010dnos\u0165 FEAG GmbH konala \u00famyselne alebo z hrubej nedbanlivosti. To ist\u00e9 plat\u00ed pre softv\u00e9r alebo dokumenty poskytnut\u00e9 na stiahnutie zadarmo.<\/p>\n<p>V\u0161etky ponuky sa m\u00f4\u017eu zmeni\u0165 a nie s\u00fa z\u00e1v\u00e4zn\u00e9. Spolo\u010dnos\u0165 FEAG GmbH si v\u00fdslovne vyhradzuje pr\u00e1vo bez potreby osobitn\u00e9ho ozn\u00e1menia vykon\u00e1va\u0165 zmeny, dop\u013a\u0148a\u0165 alebo vymaz\u00e1va\u0165 \u010dasti alebo cel\u00fa ponuku na webovej str\u00e1nke, a to na ur\u010dit\u00fd \u010das alebo natrvalo.<\/p>\n<p>Predpokladom zodpovednosti za \u201eobsah tret\u00edch str\u00e1n\u201c, ktor\u00fd sa poskytuje napr\u00edklad prostredn\u00edctvom priamych alebo nepriamych odkazov (napr. tzv. \u201elinky\u201c) na in\u00fdch poskytovate\u013eov, je okrem in\u00e9ho vedomos\u0165 o nez\u00e1konnom alebo trestnom obsahu. \u201eObsah tret\u00edch str\u00e1n\u201c je ozna\u010den\u00fd vhodn\u00fdm sp\u00f4sobom. Spolo\u010dnos\u0165 FEAG GmbH nem\u00e1 \u017eiadny vplyv na \u201eobsah tret\u00edch str\u00e1n\u201c a neprij\u00edma tento obsah za svoj vlastn\u00fd. Spolo\u010dnos\u0165 FEAG GmbH nem\u00e1 \u017eiadne vedomosti o nez\u00e1konnom alebo ur\u00e1\u017elivom obsahu na prepojen\u00fdch str\u00e1nkach poskytovate\u013eov tret\u00edch str\u00e1n. Ak by prepojen\u00e9 str\u00e1nky poskytovate\u013eov tret\u00edch str\u00e1n napriek tomu obsahovali nez\u00e1konn\u00fd alebo ur\u00e1\u017eliv\u00fd obsah, spolo\u010dnos\u0165 FEAG GmbH sa od tohto obsahu v\u00fdslovne di\u0161tancuje.<\/p>\n<p>Spolo\u010dnos\u0165 FEAG GmbH sa usiluje dodr\u017eiava\u0165 autorsk\u00e9 pr\u00e1va na grafiku, zvukov\u00e9 s\u00fabory, videosekvencie a texty pou\u017eit\u00e9 vo v\u0161etk\u00fdch publik\u00e1ci\u00e1ch, pou\u017e\u00edva\u0165 grafiku, zvukov\u00e9 s\u00fabory, videosekvencie a texty, ktor\u00e9 sama vytvorila, alebo pou\u017e\u00edva\u0165 grafiku, zvukov\u00e9 s\u00fabory, videosekvencie a texty bez licen\u010dn\u00fdch poplatkov.<\/p>\n<p>V\u0161etky n\u00e1zvy zna\u010diek a ochrann\u00fdch zn\u00e1mok uveden\u00e9 na webovej str\u00e1nke a pr\u00edpadne chr\u00e1nen\u00e9 tret\u00edmi stranami podliehaj\u00fa bez obmedzenia ustanoveniam platn\u00e9ho z\u00e1kona o ochrann\u00fdch zn\u00e1mkach a vlastn\u00edckym pr\u00e1vam pr\u00edslu\u0161n\u00fdch registrovan\u00fdch vlastn\u00edkov. Samotn\u00e1 zmienka o ochrannej zn\u00e1mke neznamen\u00e1, \u017ee nie je chr\u00e1nen\u00e1 pr\u00e1vami tret\u00edch str\u00e1n!<\/p>\n<p>Autorsk\u00e9 pr\u00e1va na v\u0161etky zverejnen\u00e9 materi\u00e1ly vytvoren\u00e9 spolo\u010dnos\u0165ou FEAG GmbH zost\u00e1vaj\u00fa v\u00fdlu\u010dne vo vlastn\u00edctve FEAG GmbH. Ak\u00e9ko\u013evek kop\u00edrovanie alebo pou\u017e\u00edvanie objektov, ako s\u00fa grafiky, zvukov\u00e9 s\u00fabory, videosekvencie a texty, v in\u00fdch elektronick\u00fdch alebo tla\u010den\u00fdch publik\u00e1ci\u00e1ch nie je povolen\u00e9 bez s\u00fahlasu autora.<\/p>\n<h4><strong>PR\u00c1VNA \u00da\u010cINNOS\u0164 TOHTO VYHL\u00c1SENIA O ODMIETNUT\u00cd ZODPOVEDNOSTI<\/strong><\/h4>\n<p>Toto vyhl\u00e1senie o odmietnut\u00ed zodpovednosti je potrebn\u00e9 pova\u017eova\u0165 za s\u00fa\u010das\u0165 webovej str\u00e1nky, z ktorej ste boli odk\u00e1zan\u00ed sem. Ak \u010dasti alebo jednotliv\u00e9 formul\u00e1cie tohto textu nie s\u00fa v s\u00falade s platn\u00fdm pr\u00e1vom, s\u010dasti alebo v celom znen\u00ed, alebo u\u017e v s\u00fa\u010dasnosti nie s\u00fa v s\u00falade s platn\u00fdm pr\u00e1vom, na obsah a platnos\u0165 ostatn\u00fdch \u010dast\u00ed dokumentu nem\u00e1 t\u00e1to skuto\u010dnos\u0165 \u017eiaden vplyv.<\/p>\n<h4><strong>OCHRANN\u00c9 ZN\u00c1MKY<\/strong><\/h4>\n<p>V\u0161etky ochrann\u00e9 zn\u00e1mky uveden\u00e9 na webovej str\u00e1nke FEAG GmbH s\u00fa bu\u010f z\u00e1konom chr\u00e1nen\u00e9 ochrann\u00e9 zn\u00e1mky spolo\u010dnosti FEAG GmbH, to plat\u00ed najm\u00e4 pre n\u00e1zvy v\u00fdrobkov a v\u0161etky log\u00e1 spolo\u010dnosti, alebo s\u00fa to ochrann\u00e9 zn\u00e1mky t\u00fdch z\u00e1kazn\u00edkov, ktor\u00fdch spolo\u010dnos\u0165 FEAG GmbH na webovej str\u00e1nke uv\u00e1dza ako referencie alebo ich uv\u00e1dza ako novoz\u00edskan\u00fdch z\u00e1kazn\u00edkov.<\/p>\n<h4><strong>PR\u00c1VNE POZN\u00c1MKY K AUTORSK\u00ddM PR\u00c1VAM<\/strong><\/h4>\n<p>Rozlo\u017eenie domovskej str\u00e1nky, pou\u017eit\u00e1 grafika a \u010fal\u0161\u00ed obsah s\u00fa chr\u00e1nen\u00e9 autorsk\u00fdmi pr\u00e1vami.<\/p>\n\n            <\/div>\n\n            \n          <\/div>\n        <\/div>\n\n    <\/div>\n  <\/div>\n\n<\/section>\n","protected":false},"excerpt":{"rendered":"","protected":false},"author":7,"featured_media":0,"parent":0,"menu_order":0,"comment_status":"closed","ping_status":"closed","template":"","meta":{"_acf_changed":false,"footnotes":""},"class_list":["post-7882","page","type-page","status-publish","hentry"],"acf":[],"yoast_head":"<!-- This site is optimized with the Yoast SEO plugin v25.0 - https:\/\/yoast.com\/wordpress\/plugins\/seo\/ -->\n<title>Impressum - FEAG<\/title>\n<meta name=\"robots\" content=\"noindex, follow, max-snippet:-1, max-image-preview:large, max-video-preview:-1\" \/>\n<meta property=\"og:locale\" content=\"sk_SK\" \/>\n<meta property=\"og:type\" content=\"article\" \/>\n<meta property=\"og:title\" content=\"Impressum - FEAG\" \/>\n<meta property=\"og:url\" content=\"https:\/\/feag.sites.vh1-schrittweiter.de\/sk\/impressum\/\" \/>\n<meta property=\"og:site_name\" content=\"FEAG\" \/>\n<meta property=\"article:modified_time\" content=\"2022-03-18T07:45:44+00:00\" \/>\n<meta name=\"twitter:card\" content=\"summary_large_image\" \/>\n<script type=\"application\/ld+json\" class=\"yoast-schema-graph\">{\"@context\":\"https:\/\/schema.org\",\"@graph\":[{\"@type\":\"WebPage\",\"@id\":\"https:\/\/feag.sites.vh1-schrittweiter.de\/sk\/impressum\/\",\"url\":\"https:\/\/feag.sites.vh1-schrittweiter.de\/sk\/impressum\/\",\"name\":\"Impressum - FEAG\",\"isPartOf\":{\"@id\":\"https:\/\/feag.sites.vh1-schrittweiter.de\/sk\/#website\"},\"datePublished\":\"2021-08-24T16:22:30+00:00\",\"dateModified\":\"2022-03-18T07:45:44+00:00\",\"breadcrumb\":{\"@id\":\"https:\/\/feag.sites.vh1-schrittweiter.de\/sk\/impressum\/#breadcrumb\"},\"inLanguage\":\"sk-SK\",\"potentialAction\":[{\"@type\":\"ReadAction\",\"target\":[\"https:\/\/feag.sites.vh1-schrittweiter.de\/sk\/impressum\/\"]}]},{\"@type\":\"BreadcrumbList\",\"@id\":\"https:\/\/feag.sites.vh1-schrittweiter.de\/sk\/impressum\/#breadcrumb\",\"itemListElement\":[{\"@type\":\"ListItem\",\"position\":1,\"name\":\"Startseite\",\"item\":\"https:\/\/feag.sites.vh1-schrittweiter.de\/sk\/\"},{\"@type\":\"ListItem\",\"position\":2,\"name\":\"Impressum\"}]},{\"@type\":\"WebSite\",\"@id\":\"https:\/\/feag.sites.vh1-schrittweiter.de\/sk\/#website\",\"url\":\"https:\/\/feag.sites.vh1-schrittweiter.de\/sk\/\",\"name\":\"FEAG\",\"description\":\"Just another WordPress site\",\"potentialAction\":[{\"@type\":\"SearchAction\",\"target\":{\"@type\":\"EntryPoint\",\"urlTemplate\":\"https:\/\/feag.sites.vh1-schrittweiter.de\/sk\/?s={search_term_string}\"},\"query-input\":{\"@type\":\"PropertyValueSpecification\",\"valueRequired\":true,\"valueName\":\"search_term_string\"}}],\"inLanguage\":\"sk-SK\"}]}<\/script>\n<!-- \/ Yoast SEO plugin. -->","yoast_head_json":{"title":"Impressum - FEAG","robots":{"index":"noindex","follow":"follow","max-snippet":"max-snippet:-1","max-image-preview":"max-image-preview:large","max-video-preview":"max-video-preview:-1"},"og_locale":"sk_SK","og_type":"article","og_title":"Impressum - FEAG","og_url":"https:\/\/feag.sites.vh1-schrittweiter.de\/sk\/impressum\/","og_site_name":"FEAG","article_modified_time":"2022-03-18T07:45:44+00:00","twitter_card":"summary_large_image","schema":{"@context":"https:\/\/schema.org","@graph":[{"@type":"WebPage","@id":"https:\/\/feag.sites.vh1-schrittweiter.de\/sk\/impressum\/","url":"https:\/\/feag.sites.vh1-schrittweiter.de\/sk\/impressum\/","name":"Impressum - FEAG","isPartOf":{"@id":"https:\/\/feag.sites.vh1-schrittweiter.de\/sk\/#website"},"datePublished":"2021-08-24T16:22:30+00:00","dateModified":"2022-03-18T07:45:44+00:00","breadcrumb":{"@id":"https:\/\/feag.sites.vh1-schrittweiter.de\/sk\/impressum\/#breadcrumb"},"inLanguage":"sk-SK","potentialAction":[{"@type":"ReadAction","target":["https:\/\/feag.sites.vh1-schrittweiter.de\/sk\/impressum\/"]}]},{"@type":"BreadcrumbList","@id":"https:\/\/feag.sites.vh1-schrittweiter.de\/sk\/impressum\/#breadcrumb","itemListElement":[{"@type":"ListItem","position":1,"name":"Startseite","item":"https:\/\/feag.sites.vh1-schrittweiter.de\/sk\/"},{"@type":"ListItem","position":2,"name":"Impressum"}]},{"@type":"WebSite","@id":"https:\/\/feag.sites.vh1-schrittweiter.de\/sk\/#website","url":"https:\/\/feag.sites.vh1-schrittweiter.de\/sk\/","name":"FEAG","description":"Just another WordPress site","potentialAction":[{"@type":"SearchAction","target":{"@type":"EntryPoint","urlTemplate":"https:\/\/feag.sites.vh1-schrittweiter.de\/sk\/?s={search_term_string}"},"query-input":{"@type":"PropertyValueSpecification","valueRequired":true,"valueName":"search_term_string"}}],"inLanguage":"sk-SK"}]}},"_links":{"self":[{"href":"https:\/\/feag.sites.vh1-schrittweiter.de\/sk\/wp-json\/wp\/v2\/pages\/7882","targetHints":{"allow":["GET"]}}],"collection":[{"href":"https:\/\/feag.sites.vh1-schrittweiter.de\/sk\/wp-json\/wp\/v2\/pages"}],"about":[{"href":"https:\/\/feag.sites.vh1-schrittweiter.de\/sk\/wp-json\/wp\/v2\/types\/page"}],"author":[{"embeddable":true,"href":"https:\/\/feag.sites.vh1-schrittweiter.de\/sk\/wp-json\/wp\/v2\/users\/7"}],"replies":[{"embeddable":true,"href":"https:\/\/feag.sites.vh1-schrittweiter.de\/sk\/wp-json\/wp\/v2\/comments?post=7882"}],"version-history":[{"count":4,"href":"https:\/\/feag.sites.vh1-schrittweiter.de\/sk\/wp-json\/wp\/v2\/pages\/7882\/revisions"}],"predecessor-version":[{"id":8486,"href":"https:\/\/feag.sites.vh1-schrittweiter.de\/sk\/wp-json\/wp\/v2\/pages\/7882\/revisions\/8486"}],"wp:attachment":[{"href":"https:\/\/feag.sites.vh1-schrittweiter.de\/sk\/wp-json\/wp\/v2\/media?parent=7882"}],"curies":[{"name":"wp","href":"https:\/\/api.w.org\/{rel}","templated":true}]}}